{"id":223,"date":"2017-06-29T14:15:19","date_gmt":"2017-06-29T14:15:19","guid":{"rendered":"http:\/\/dk-relaqua.ch\/?page_id=223"},"modified":"2017-07-01T14:59:02","modified_gmt":"2017-07-01T14:59:02","slug":"relaqua-workshops","status":"publish","type":"page","link":"https:\/\/dk-relaqua.ch\/?page_id=223","title":{"rendered":"Angebote"},"content":{"rendered":"<div id=\"pl-223\"  class=\"panel-layout\" ><div id=\"pg-223-0\"  class=\"panel-grid panel-no-style\" ><div id=\"pgc-223-0-0\"  class=\"panel-grid-cell\" ><div id=\"panel-223-0-0-0\" class=\"so-panel widget widget_black-studio-tinymce widget_black_studio_tinymce panel-first-child panel-last-child\" data-index=\"0\" ><h3 class=\"widget-title\">Meine Kursoptionen<\/h3><div class=\"textwidget\"><div id=\"content_main\">\n<div id=\"content_middle\">\n<div class=\"normal\">\n<p class=\"bodytext\"><b>Gruppenkurse \/ Workshops<br \/><\/b>Gruppenkurse werden mit fixen Daten ausgeschrieben. Die\u00a0Durchf\u00fchrung ist\u00a0ab 4 Teilnehmer garantiert, bei weniger Anmeldungen werden die Teilnehmer bis sp\u00e4testens 1 Woche vor Kursbeginn\u00a0kontaktiert, um andere Kursm\u00f6glichkeiten\u00a0zu besprechen.<\/p>\n<p>Gruppenkurse und Workshops mit fixen Daten werden laufend aufgeschaltet und k\u00f6nnen direkt gebucht werden.<\/p>\n<p class=\"bodytext\"><b>Privatkurse \/ Workshops<br \/><\/b>Willst du einen Kurs\/Workshop gleichzeitig mit einem\u00a0Kollegen\/einer Kollegin absolvieren, Euch passen aber die angebotenen Termine nicht in Eure Terminplanung, dann meldet euch zusammen f\u00fcr einen Privatkurs\u00a0an. Die Kursdaten werden mit den Teilnehmern abgesprochen, gilt f\u00fcr Kleingruppen von 2-3 Personen welche sich zusammen anmelden.<\/p>\n<p>F\u00fcr Privatkurse \/ Workshops nimm bitte via Telefon oder Mail mit mir kontakt auf, damit wir zusammen eine L\u00f6sung finden k\u00f6nnen!<\/p>\n<p class=\"bodytext\"><b>VIP-Kurse \/ Workshops<br \/><\/b>F\u00fcr Einzelpersonen\u00a0mit individuellen W\u00fcnschen. Termine und Kursort sind (soweit m\u00f6glich) frei w\u00e4hlbar. Allf\u00e4llige Reise- und Unterkunftskosten sind nicht im Kurspreis inbegriffen.<\/p>\n<p>F\u00fcr einen VIP-Kurs \/ Workshops nimme bitte telefonisch oder via Mail mit mir kontakt auf um zusammen eine L\u00f6sung zu finden!<\/p>\n<p class=\"bodytext\"><b>Vorbehalte<br \/><\/b>Wir behalten uns Preisanpassungen und Programm\u00e4nderungen vor.<\/p>\n<p class=\"bodytext\"><b>Versicherung<br \/><\/b>Ist Sache des Teilnehmers.<\/p>\n<\/div>\n<\/div>\n<\/div>\n<\/div><\/div><\/div><\/div><\/div>","protected":false},"excerpt":{"rendered":"<p>Gruppenkurse \/ WorkshopsGruppenkurse werden mit fixen Daten ausgeschrieben. Die\u00a0Durchf\u00fchrung ist\u00a0ab 4 Teilnehmer garantiert, bei weniger Anmeldungen werden die Teilnehmer bis sp\u00e4testens 1 Woche vor Kursbeginn\u00a0kontaktiert, um andere Kursm\u00f6glichkeiten\u00a0zu besprechen.Gruppenkurse und Workshops mit fixen Daten werden laufend aufgeschaltet und k\u00f6nnen direkt gebucht werden.Privatkurse \/ WorkshopsWillst du einen Kurs\/Workshop gleichzeitig mit einem\u00a0Kollegen\/einer Kollegin absolvieren, Euch passen aber&hellip;<\/p>\n","protected":false},"author":1,"featured_media":0,"parent":0,"menu_order":1,"comment_status":"closed","ping_status":"closed","template":"","meta":{"footnotes":""},"class_list":["post-223","page","type-page","status-publish","hentry"],"_links":{"self":[{"href":"https:\/\/dk-relaqua.ch\/index.php?rest_route=\/wp\/v2\/pages\/223","targetHints":{"allow":["GET"]}}],"collection":[{"href":"https:\/\/dk-relaqua.ch\/index.php?rest_route=\/wp\/v2\/pages"}],"about":[{"href":"https:\/\/dk-relaqua.ch\/index.php?rest_route=\/wp\/v2\/types\/page"}],"author":[{"embeddable":true,"href":"https:\/\/dk-relaqua.ch\/index.php?rest_route=\/wp\/v2\/users\/1"}],"replies":[{"embeddable":true,"href":"https:\/\/dk-relaqua.ch\/index.php?rest_route=%2Fwp%2Fv2%2Fcomments&post=223"}],"version-history":[{"count":19,"href":"https:\/\/dk-relaqua.ch\/index.php?rest_route=\/wp\/v2\/pages\/223\/revisions"}],"predecessor-version":[{"id":347,"href":"https:\/\/dk-relaqua.ch\/index.php?rest_route=\/wp\/v2\/pages\/223\/revisions\/347"}],"wp:attachment":[{"href":"https:\/\/dk-relaqua.ch\/index.php?rest_route=%2Fwp%2Fv2%2Fmedia&parent=223"}],"curies":[{"name":"wp","href":"https:\/\/api.w.org\/{rel}","templated":true}]}}