{"id":348,"date":"2017-07-01T15:16:54","date_gmt":"2017-07-01T15:16:54","guid":{"rendered":"http:\/\/dk-relaqua.ch\/?page_id=348"},"modified":"2017-07-01T15:23:36","modified_gmt":"2017-07-01T15:23:36","slug":"portrait","status":"publish","type":"page","link":"https:\/\/dk-relaqua.ch\/?page_id=348","title":{"rendered":"Portrait"},"content":{"rendered":"<div id=\"pl-348\"  class=\"panel-layout\" ><div id=\"pg-348-0\"  class=\"panel-grid panel-no-style\" ><div id=\"pgc-348-0-0\"  class=\"panel-grid-cell\" ><div id=\"panel-348-0-0-0\" class=\"so-panel widget widget_media_image panel-first-child panel-last-child\" data-index=\"0\" ><img loading=\"lazy\" decoding=\"async\" width=\"300\" height=\"225\" src=\"https:\/\/dk-relaqua.ch\/wp-content\/uploads\/2017\/07\/Diana-300x225.jpg\" class=\"image wp-image-353  attachment-medium size-medium\" alt=\"\" style=\"max-width: 100%; height: auto;\" srcset=\"https:\/\/dk-relaqua.ch\/wp-content\/uploads\/2017\/07\/Diana-300x225.jpg 300w, https:\/\/dk-relaqua.ch\/wp-content\/uploads\/2017\/07\/Diana.jpg 452w\" sizes=\"auto, (max-width: 300px) 100vw, 300px\" \/><\/div><\/div><div id=\"pgc-348-0-1\"  class=\"panel-grid-cell\" ><div id=\"panel-348-0-1-0\" class=\"so-panel widget widget_black-studio-tinymce widget_black_studio_tinymce panel-first-child panel-last-child\" data-index=\"1\" ><h3 class=\"widget-title\">Diana K\u00f6nig<\/h3><div class=\"textwidget\"><p>Relaqua Ausbilderin<br \/>\nAqua-Fit Instruktorin<br \/>\nIKA Praktizierende mit K\u00f6rperarbeit im Wasser<br \/>\nPadi Scuba Instructorin<br \/>\nWellness Trainerin<br \/>\nDurch meine T\u00e4tigkeit als Wellness Trainerin bin ich fast t\u00e4glich mit Leuten unterwegs.<br \/>\nOft im Element Wasser welches uns fast schwerelos werden l\u00e4sst und wir alles etwas intensiver wahrnehmen k\u00f6nnen.<br \/>\nZudem biete ich in meinem Studio der Wellness Oase diverse Kurse an, so auch neu der Kurs \u00fcber den bewussten Atem. <\/p>\n<\/div><\/div><\/div><\/div><\/div>","protected":false},"excerpt":{"rendered":"<p>Relaqua Ausbilderin Aqua-Fit Instruktorin IKA Praktizierende mit K\u00f6rperarbeit im Wasser Padi Scuba Instructorin Wellness Trainerin Durch meine T\u00e4tigkeit als Wellness Trainerin bin ich fast t\u00e4glich mit Leuten unterwegs. Oft im Element Wasser welches uns fast schwerelos werden l\u00e4sst und wir alles etwas intensiver wahrnehmen k\u00f6nnen. Zudem biete ich in meinem Studio der Wellness Oase diverse&hellip;<\/p>\n","protected":false},"author":1,"featured_media":0,"parent":0,"menu_order":3,"comment_status":"closed","ping_status":"closed","template":"","meta":{"footnotes":""},"class_list":["post-348","page","type-page","status-publish","hentry"],"_links":{"self":[{"href":"https:\/\/dk-relaqua.ch\/index.php?rest_route=\/wp\/v2\/pages\/348","targetHints":{"allow":["GET"]}}],"collection":[{"href":"https:\/\/dk-relaqua.ch\/index.php?rest_route=\/wp\/v2\/pages"}],"about":[{"href":"https:\/\/dk-relaqua.ch\/index.php?rest_route=\/wp\/v2\/types\/page"}],"author":[{"embeddable":true,"href":"https:\/\/dk-relaqua.ch\/index.php?rest_route=\/wp\/v2\/users\/1"}],"replies":[{"embeddable":true,"href":"https:\/\/dk-relaqua.ch\/index.php?rest_route=%2Fwp%2Fv2%2Fcomments&post=348"}],"version-history":[{"count":8,"href":"https:\/\/dk-relaqua.ch\/index.php?rest_route=\/wp\/v2\/pages\/348\/revisions"}],"predecessor-version":[{"id":359,"href":"https:\/\/dk-relaqua.ch\/index.php?rest_route=\/wp\/v2\/pages\/348\/revisions\/359"}],"wp:attachment":[{"href":"https:\/\/dk-relaqua.ch\/index.php?rest_route=%2Fwp%2Fv2%2Fmedia&parent=348"}],"curies":[{"name":"wp","href":"https:\/\/api.w.org\/{rel}","templated":true}]}}